{"id":88,"date":"2023-03-01T14:03:52","date_gmt":"2023-03-01T13:03:52","guid":{"rendered":"https:\/\/www.navarroabogada.com\/?page_id=88"},"modified":"2023-05-19T12:25:54","modified_gmt":"2023-05-19T10:25:54","slug":"cookies-policy","status":"publish","type":"page","link":"https:\/\/www.navarroabogada.com\/en\/cookies-policy\/","title":{"rendered":"Cookies policy"},"content":{"rendered":"<p>This website uses cookies. Here we explain what cookies are and how we use them on our website. You can change your cookie preferences at any time:<\/p>\n<p style=\"text-align: center;\"><a href=\"#\" class=\"_brlbs-btn-cookie-preference borlabs-cookie-preference\">Cookie preferences<\/a><\/p>\n<hr \/>\n<p>In compliance with Law 34\/2002, of July 11, on Services of the Information Society and Electronic Commerce, we inform you that this website, like most Internet sites, uses Cookies to improve and optimize the user experience.<\/p>\n<p>Below you will find detailed information about what Cookies are, what type this website uses, how to change your cookie settings, and what happens if you disable Cookies.<\/p>\n<h2>What are Cookies?<\/h2>\n<p>A cookie is a small file that is downloaded to the user&#039;s computer in order to store data, which can be updated and recovered by the entity responsible for its installation.<\/p>\n<h2>What type of Cookies does this website use?<\/h2>\n<p>Below is a table with the Cookies used on this website. You can find out about the transfers to third countries that, where appropriate, are made by the third parties identified in this cookie policy in their corresponding policies.<\/p>\n<div class=\"BorlabsCookie\"><h3 class=\"_brlbs _brlbs-cg-essential\">Essential<\/h3><p class=\"_brlbs _brlbs-cg-essential\">Essential cookies enable basic functions and are necessary for the proper functioning of the website.<\/p><h4 class=\"_brlbs _brlbs-c-borlabs-cookie\">Borlabs Cookie<\/h4><div class=\"_brlbs-responsive-table\"><table class=\"_brlbs _brlbs-c-borlabs-cookie\"><tr><th scope=\"row\">Name<\/th><td>Borlabs Cookie<\/td><\/tr><tr><th scope=\"row\">Supplier<\/th><td>Owner of this website<span>, <\/span><a href=\"https:\/\/www.navarroabogada.com\/en\/legal-warning\/\">Legal warning<\/a><\/td><\/tr><tr><th scope=\"row\">Purpose<\/th><td>Saves selected visitor preferences in the Borlabs Cookie Cookie Box.<\/td><\/tr><tr><th scope=\"row\">Cookie name<\/th><td>borlabs-cookie<\/td><\/tr><tr><th scope=\"row\">Cookie expiration<\/th><td>1 year<\/td><\/tr><\/table><\/div><h3 class=\"_brlbs _brlbs-cg-statistics\">Statistics<\/h3><p class=\"_brlbs _brlbs-cg-statistics\">Statistics cookies collect information anonymously. This information helps us understand how our visitors use our website.<\/p><h4 class=\"_brlbs _brlbs-c-google-analytics\">Google Analytics<\/h4><div class=\"_brlbs-responsive-table\"><table class=\"_brlbs _brlbs-c-google-analytics\"><tr><th scope=\"row\">Name<\/th><td>Google Analytics<\/td><\/tr><tr><th scope=\"row\">Supplier<\/th><td>Google Ireland Limited, Gordon House, Barrow Street, Dublin 4, Ireland<\/td><\/tr><tr><th scope=\"row\">Purpose<\/th><td>Google cookie used for website analysis. Generates statistical data on how the visitor uses the website.<\/td><\/tr><tr><th scope=\"row\">Privacy Policy<\/th><td><a href=\"https:\/\/policies.google.com\/privacy?hl=en\" target=\"_blank\" rel=\"nofollow noopener noreferrer\">https:\/\/policies.google.com\/privacy?hl=en<\/a><\/td><\/tr><tr><th scope=\"row\">Cookie name<\/th><td>_ga,_gat,_gid<\/td><\/tr><tr><th scope=\"row\">Cookie expiration<\/th><td>2 months<\/td><\/tr><\/table><\/div><h3 class=\"_brlbs _brlbs-cg-external-media\">external media<\/h3><p class=\"_brlbs _brlbs-cg-external-media\">Content from video platforms and social media platforms is blocked by default. If cookies from external media are accepted, access to these contents no longer requires manual consent.<\/p><h4 class=\"_brlbs _brlbs-c-facebook\">Facebook<\/h4><div class=\"_brlbs-responsive-table\"><table class=\"_brlbs _brlbs-c-facebook\"><tr><th scope=\"row\">Name<\/th><td>Facebook<\/td><\/tr><tr><th scope=\"row\">Supplier<\/th><td>Meta Platforms Ireland Limited, 4 Grand Canal Square, Dublin 2, Ireland<\/td><\/tr><tr><th scope=\"row\">Purpose<\/th><td>It is used to unblock Facebook content.<\/td><\/tr><tr><th scope=\"row\">Privacy Policy<\/th><td><a href=\"https:\/\/www.facebook.com\/privacy\/explanation\" target=\"_blank\" rel=\"nofollow noopener noreferrer\">https:\/\/www.facebook.com\/privacy\/explanation<\/a><\/td><\/tr><tr><th scope=\"row\">Host(s)<\/th><td>.facebook.com<\/td><\/tr><\/table><\/div><h4 class=\"_brlbs _brlbs-c-googlemaps\">google maps<\/h4><div class=\"_brlbs-responsive-table\"><table class=\"_brlbs _brlbs-c-googlemaps\"><tr><th scope=\"row\">Name<\/th><td>google maps<\/td><\/tr><tr><th scope=\"row\">Supplier<\/th><td>Google Ireland Limited, Gordon House, Barrow Street, Dublin 4, Ireland<\/td><\/tr><tr><th scope=\"row\">Purpose<\/th><td>It is used to unlock the content of Google Maps.<\/td><\/tr><tr><th scope=\"row\">Privacy Policy<\/th><td><a href=\"https:\/\/policies.google.com\/privacy?hl=enl=en\" target=\"_blank\" rel=\"nofollow noopener noreferrer\">https:\/\/policies.google.com\/privacy?hl=enl=en<\/a><\/td><\/tr><tr><th scope=\"row\">Host(s)<\/th><td>.Google com<\/td><\/tr><tr><th scope=\"row\">Cookie name<\/th><td>NID<\/td><\/tr><tr><th scope=\"row\">Cookie expiration<\/th><td>6 months<\/td><\/tr><\/table><\/div><\/div>\n<h2>How can you configure your Cookies?<\/h2>\n<p>By browsing and continuing on our website, you will be consenting to the use of Cookies under the conditions contained in this Cookies Policy. As a user, you have the possibility to exercise your right to block, eliminate and reject the use of Cookies, at any time, by modifying your browser options.<\/p>\n<p>For example:<\/p>\n<ol>\n<li>Internet Explorer: Tools&gt; Internet Options&gt; Privacy&gt; Settings. For more information, you can consult Microsoft support or the browser&#039;s Help.<\/li>\n<li>Mozilla Firefox: Tools&gt; Options&gt; Privacy&gt; History&gt; Custom Settings. For more information, you can consult Mozilla support or the browser&#039;s Help.<\/li>\n<li>Google Chrome: Settings&gt; Show advanced options&gt; Privacy -&gt; Content settings. For more information, you can consult Google support or the browser&#039;s Help.<\/li>\n<li>Safari: Preferences &gt; Security. For more information, you can consult Apple support or the browser&#039;s Help.<\/li>\n<li>Opera: Settings &gt; Options &gt; Advanced &gt; Cookies For more information, you can consult Opera support or the browser&#039;s Help.<\/li>\n<\/ol>\n<p>If you use another browser other than the previous ones, consult its policy for the installation, use and blocking of cookies.<\/p>\n<h2>Your consent history<\/h2>\n<div class=\"BorlabsCookie\" data-borlabs-cookie-consent-history><div class=\"_brlbs-responsive-table\"><table class=\"_brlbs-table\"><thead><tr><th class=\"_brlbs-table-date\" scope=\"col\">Date<\/th><th class=\"_brlbs-table-version\" scope=\"col\">Version<\/th><th class=\"_brlbs-table-consents\" scope=\"col\">Consents<\/th><\/tr><\/thead><\/table><\/div><\/div>\n<h2>What happens if Cookies are disabled?<\/h2>\n<p>Some features of the Services or areas of this website may not function properly.<\/p>\n<h2>Shall we update our Cookies policy?<\/h2>\n<p>It is possible that we update the Cookies policy of our website, therefore, our lawyers ask us to recommend that you review this policy each time you access our website, in order to be adequately informed about how and why we use Cookies. .<\/p>","protected":false},"excerpt":{"rendered":"<p>This website uses cookies. Here we explain what cookies are and how we use them on our website. You can change your cookie preferences at any time: In compliance with Law 34\/2002, of July 11, on Information Society Services and Electronic Commerce, we inform you that this website, [\u2026]<\/p>","protected":false},"author":1,"featured_media":0,"parent":0,"menu_order":6,"comment_status":"closed","ping_status":"closed","template":"","meta":{"site-sidebar-layout":"no-sidebar","site-content-layout":"default","ast-site-content-layout":"default","site-content-style":"default","site-sidebar-style":"default","ast-global-header-display":"","ast-banner-title-visibility":"","ast-main-header-display":"","ast-hfb-above-header-display":"","ast-hfb-below-header-display":"","ast-hfb-mobile-header-display":"","site-post-title":"","ast-breadcrumbs-content":"","ast-featured-img":"","footer-sml-layout":"","ast-disable-related-posts":"","theme-transparent-header-meta":"default","adv-header-id-meta":"","stick-header-meta":"default","header-above-stick-meta":"","header-main-stick-meta":"","header-below-stick-meta":"","astra-migrate-meta-layouts":"default","ast-page-background-enabled":"default","ast-page-background-meta":{"desktop":{"background-color":"","background-image":"","background-repeat":"repeat","background-position":"center center","background-size":"auto","background-attachment":"scroll","background-type":"","background-media":"","overlay-type":"","overlay-color":"","overlay-opacity":"","overlay-gradient":""},"tablet":{"background-color":"","background-image":"","background-repeat":"repeat","background-position":"center center","background-size":"auto","background-attachment":"scroll","background-type":"","background-media":"","overlay-type":"","overlay-color":"","overlay-opacity":"","overlay-gradient":""},"mobile":{"background-color":"","background-image":"","background-repeat":"repeat","background-position":"center center","background-size":"auto","background-attachment":"scroll","background-type":"","background-media":"","overlay-type":"","overlay-color":"","overlay-opacity":"","overlay-gradient":""}},"ast-content-background-meta":{"desktop":{"background-color":"var(--ast-global-color-5)","background-image":"","background-repeat":"repeat","background-position":"center center","background-size":"auto","background-attachment":"scroll","background-type":"","background-media":"","overlay-type":"","overlay-color":"","overlay-opacity":"","overlay-gradient":""},"tablet":{"background-color":"var(--ast-global-color-5)","background-image":"","background-repeat":"repeat","background-position":"center center","background-size":"auto","background-attachment":"scroll","background-type":"","background-media":"","overlay-type":"","overlay-color":"","overlay-opacity":"","overlay-gradient":""},"mobile":{"background-color":"var(--ast-global-color-5)","background-image":"","background-repeat":"repeat","background-position":"center center","background-size":"auto","background-attachment":"scroll","background-type":"","background-media":"","overlay-type":"","overlay-color":"","overlay-opacity":"","overlay-gradient":""}},"_joinchat":[],"footnotes":""},"class_list":["post-88","page","type-page","status-publish","hentry"],"yoast_head":"<!-- This site is optimized with the Yoast SEO plugin v26.9 - https:\/\/yoast.com\/product\/yoast-seo-wordpress\/ -->\n<title>Pol\u00edtica de cookies - Ang\u00e9lica G. Navarro - Abogada<\/title>\n<meta name=\"description\" content=\"Pol\u00edtica de cookies de Ang\u00e9lica G. Navarro - Abogada\" \/>\n<meta name=\"robots\" content=\"index, follow, max-snippet:-1, max-image-preview:large, max-video-preview:-1\" \/>\n<link rel=\"canonical\" href=\"https:\/\/www.navarroabogada.com\/en\/cookies-policy\/\" \/>\n<meta property=\"og:locale\" content=\"en_US\" \/>\n<meta property=\"og:type\" content=\"article\" \/>\n<meta property=\"og:title\" content=\"Pol\u00edtica de cookies - Ang\u00e9lica G. Navarro - Abogada\" \/>\n<meta property=\"og:description\" content=\"Pol\u00edtica de cookies de Ang\u00e9lica G. Navarro - Abogada\" \/>\n<meta property=\"og:url\" content=\"https:\/\/www.navarroabogada.com\/en\/cookies-policy\/\" \/>\n<meta property=\"og:site_name\" content=\"Ang\u00e9lica G. Navarro - Abogada\" \/>\n<meta property=\"article:modified_time\" content=\"2023-05-19T10:25:54+00:00\" \/>\n<meta property=\"og:image\" content=\"https:\/\/www.navarroabogada.com\/wp-content\/uploads\/2023\/08\/Navarro-Abogada.png\" \/>\n\t<meta property=\"og:image:width\" content=\"1200\" \/>\n\t<meta property=\"og:image:height\" content=\"675\" \/>\n\t<meta property=\"og:image:type\" content=\"image\/png\" \/>\n<meta name=\"twitter:card\" content=\"summary_large_image\" \/>\n<script type=\"application\/ld+json\" class=\"yoast-schema-graph\">{\"@context\":\"https:\/\/schema.org\",\"@graph\":[{\"@type\":\"WebPage\",\"@id\":\"https:\/\/www.navarroabogada.com\/politica-de-cookies\/\",\"url\":\"https:\/\/www.navarroabogada.com\/politica-de-cookies\/\",\"name\":\"Pol\u00edtica de cookies - Ang\u00e9lica G. Navarro - Abogada\",\"isPartOf\":{\"@id\":\"https:\/\/www.navarroabogada.com\/#website\"},\"datePublished\":\"2023-03-01T13:03:52+00:00\",\"dateModified\":\"2023-05-19T10:25:54+00:00\",\"description\":\"Pol\u00edtica de cookies de Ang\u00e9lica G. Navarro - Abogada\",\"breadcrumb\":{\"@id\":\"https:\/\/www.navarroabogada.com\/politica-de-cookies\/#breadcrumb\"},\"inLanguage\":\"en-US\",\"potentialAction\":[{\"@type\":\"ReadAction\",\"target\":[\"https:\/\/www.navarroabogada.com\/politica-de-cookies\/\"]}]},{\"@type\":\"BreadcrumbList\",\"@id\":\"https:\/\/www.navarroabogada.com\/politica-de-cookies\/#breadcrumb\",\"itemListElement\":[{\"@type\":\"ListItem\",\"position\":1,\"name\":\"Inicio\",\"item\":\"https:\/\/www.navarroabogada.com\/\"},{\"@type\":\"ListItem\",\"position\":2,\"name\":\"Pol\u00edtica de cookies\"}]},{\"@type\":\"WebSite\",\"@id\":\"https:\/\/www.navarroabogada.com\/#website\",\"url\":\"https:\/\/www.navarroabogada.com\/\",\"name\":\"Ang\u00e9lica G. Navarro - Abogada\",\"description\":\"Abogada en Asturias\",\"publisher\":{\"@id\":\"https:\/\/www.navarroabogada.com\/#organization\"},\"potentialAction\":[{\"@type\":\"SearchAction\",\"target\":{\"@type\":\"EntryPoint\",\"urlTemplate\":\"https:\/\/www.navarroabogada.com\/?s={search_term_string}\"},\"query-input\":{\"@type\":\"PropertyValueSpecification\",\"valueRequired\":true,\"valueName\":\"search_term_string\"}}],\"inLanguage\":\"en-US\"},{\"@type\":\"Organization\",\"@id\":\"https:\/\/www.navarroabogada.com\/#organization\",\"name\":\"Ang\u00e9lica G. Navarro - Abogada\",\"url\":\"https:\/\/www.navarroabogada.com\/\",\"logo\":{\"@type\":\"ImageObject\",\"inLanguage\":\"en-US\",\"@id\":\"https:\/\/www.navarroabogada.com\/#\/schema\/logo\/image\/\",\"url\":\"https:\/\/www.navarroabogada.com\/wp-content\/uploads\/2023\/06\/logo-angelica-n.png\",\"contentUrl\":\"https:\/\/www.navarroabogada.com\/wp-content\/uploads\/2023\/06\/logo-angelica-n.png\",\"width\":1430,\"height\":1430,\"caption\":\"Ang\u00e9lica G. Navarro - Abogada\"},\"image\":{\"@id\":\"https:\/\/www.navarroabogada.com\/#\/schema\/logo\/image\/\"}}]}<\/script>\n<!-- \/ Yoast SEO plugin. -->","yoast_head_json":{"title":"Cookies policy - Ang\u00e9lica G. Navarro - Lawyer","description":"Cookies policy of Ang\u00e9lica G. Navarro - Lawyer","robots":{"index":"index","follow":"follow","max-snippet":"max-snippet:-1","max-image-preview":"max-image-preview:large","max-video-preview":"max-video-preview:-1"},"canonical":"https:\/\/www.navarroabogada.com\/en\/cookies-policy\/","og_locale":"en_US","og_type":"article","og_title":"Pol\u00edtica de cookies - Ang\u00e9lica G. Navarro - Abogada","og_description":"Pol\u00edtica de cookies de Ang\u00e9lica G. Navarro - Abogada","og_url":"https:\/\/www.navarroabogada.com\/en\/cookies-policy\/","og_site_name":"Ang\u00e9lica G. Navarro - Abogada","article_modified_time":"2023-05-19T10:25:54+00:00","og_image":[{"width":1200,"height":675,"url":"https:\/\/www.navarroabogada.com\/wp-content\/uploads\/2023\/08\/Navarro-Abogada.png","type":"image\/png"}],"twitter_card":"summary_large_image","schema":{"@context":"https:\/\/schema.org","@graph":[{"@type":"WebPage","@id":"https:\/\/www.navarroabogada.com\/politica-de-cookies\/","url":"https:\/\/www.navarroabogada.com\/politica-de-cookies\/","name":"Cookies policy - Ang\u00e9lica G. Navarro - Lawyer","isPartOf":{"@id":"https:\/\/www.navarroabogada.com\/#website"},"datePublished":"2023-03-01T13:03:52+00:00","dateModified":"2023-05-19T10:25:54+00:00","description":"Cookies policy of Ang\u00e9lica G. Navarro - Lawyer","breadcrumb":{"@id":"https:\/\/www.navarroabogada.com\/politica-de-cookies\/#breadcrumb"},"inLanguage":"en-US","potentialAction":[{"@type":"ReadAction","target":["https:\/\/www.navarroabogada.com\/politica-de-cookies\/"]}]},{"@type":"BreadcrumbList","@id":"https:\/\/www.navarroabogada.com\/politica-de-cookies\/#breadcrumb","itemListElement":[{"@type":"ListItem","position":1,"name":"Inicio","item":"https:\/\/www.navarroabogada.com\/"},{"@type":"ListItem","position":2,"name":"Pol\u00edtica de cookies"}]},{"@type":"WebSite","@id":"https:\/\/www.navarroabogada.com\/#website","url":"https:\/\/www.navarroabogada.com\/","name":"Ang\u00e9lica G. Navarro - Lawyer","description":"Lawyer in Asturias","publisher":{"@id":"https:\/\/www.navarroabogada.com\/#organization"},"potentialAction":[{"@type":"SearchAction","target":{"@type":"EntryPoint","urlTemplate":"https:\/\/www.navarroabogada.com\/?s={search_term_string}"},"query-input":{"@type":"PropertyValueSpecification","valueRequired":true,"valueName":"search_term_string"}}],"inLanguage":"en-US"},{"@type":"Organization","@id":"https:\/\/www.navarroabogada.com\/#organization","name":"Ang\u00e9lica G. Navarro - Lawyer","url":"https:\/\/www.navarroabogada.com\/","logo":{"@type":"ImageObject","inLanguage":"en-US","@id":"https:\/\/www.navarroabogada.com\/#\/schema\/logo\/image\/","url":"https:\/\/www.navarroabogada.com\/wp-content\/uploads\/2023\/06\/logo-angelica-n.png","contentUrl":"https:\/\/www.navarroabogada.com\/wp-content\/uploads\/2023\/06\/logo-angelica-n.png","width":1430,"height":1430,"caption":"Ang\u00e9lica G. Navarro - Abogada"},"image":{"@id":"https:\/\/www.navarroabogada.com\/#\/schema\/logo\/image\/"}}]}},"_links":{"self":[{"href":"https:\/\/www.navarroabogada.com\/en\/wp-json\/wp\/v2\/pages\/88","targetHints":{"allow":["GET"]}}],"collection":[{"href":"https:\/\/www.navarroabogada.com\/en\/wp-json\/wp\/v2\/pages"}],"about":[{"href":"https:\/\/www.navarroabogada.com\/en\/wp-json\/wp\/v2\/types\/page"}],"author":[{"embeddable":true,"href":"https:\/\/www.navarroabogada.com\/en\/wp-json\/wp\/v2\/users\/1"}],"replies":[{"embeddable":true,"href":"https:\/\/www.navarroabogada.com\/en\/wp-json\/wp\/v2\/comments?post=88"}],"version-history":[{"count":3,"href":"https:\/\/www.navarroabogada.com\/en\/wp-json\/wp\/v2\/pages\/88\/revisions"}],"predecessor-version":[{"id":261,"href":"https:\/\/www.navarroabogada.com\/en\/wp-json\/wp\/v2\/pages\/88\/revisions\/261"}],"wp:attachment":[{"href":"https:\/\/www.navarroabogada.com\/en\/wp-json\/wp\/v2\/media?parent=88"}],"curies":[{"name":"wp","href":"https:\/\/api.w.org\/{rel}","templated":true}]}}